{"id":1181,"date":"2024-01-07T19:03:16","date_gmt":"2024-01-08T01:03:16","guid":{"rendered":"https:\/\/grupoelectricomg.com\/?page_id=1181"},"modified":"2024-02-07T00:51:45","modified_gmt":"2024-02-07T06:51:45","slug":"nosotros","status":"publish","type":"page","link":"https:\/\/grupoelectricomg.com\/index.php\/nosotros\/","title":{"rendered":"Contacto"},"content":{"rendered":"\n<div class=\"wp-block-group alignwide has-black-background-color has-background has-small-font-size is-horizontal is-content-justification-space-between is-layout-flex wp-container-core-group-is-layout-7823c3e7 wp-block-group-is-layout-flex wp-container-2 is-position-sticky\" style=\"border-style:none;border-width:0px;min-height:0px;margin-bottom:0;padding-top:0;padding-right:var(--wp--preset--spacing--50);padding-bottom:0;padding-left:var(--wp--preset--spacing--40)\">\n<div class=\"wp-block-columns is-layout-flex wp-container-core-columns-is-layout-28f84493 wp-block-columns-is-layout-flex\">\n<div class=\"wp-block-column is-layout-flow wp-block-column-is-layout-flow\" style=\"flex-basis:100%\"><div class=\"wp-block-site-logo\"><a href=\"https:\/\/grupoelectricomg.com\/\" class=\"custom-logo-link\" rel=\"home\"><img loading=\"lazy\" decoding=\"async\" width=\"49\" height=\"56\" src=\"https:\/\/i0.wp.com\/grupoelectricomg.com\/wp-content\/uploads\/2023\/12\/mg-scaled-e1707188040174.jpeg?fit=630%2C720&amp;ssl=1\" class=\"custom-logo\" alt=\"W3C Home\" \/><\/a><\/div><\/div>\n<\/div>\n\n\n<nav style=\"color: #08fafb; font-size:clamp(14.642px, 0.915rem + ((1vw - 3.2px) * 0.751), 22px);font-style:normal;font-weight:800;\" class=\"has-text-color has-background has-black-background-color is-responsive wp-block-navigation is-layout-flex wp-container-core-navigation-is-layout-9d59fe93 wp-block-navigation-is-layout-flex\" aria-label=\"Navegaci\u00f3n\" \n\t\t data-wp-interactive=\"core\/navigation\" data-wp-context='{\"overlayOpenedBy\":{\"click\":false,\"hover\":false,\"focus\":false},\"type\":\"overlay\",\"roleAttribute\":\"\",\"ariaLabel\":\"Men\\u00fa\"}'><button aria-haspopup=\"dialog\" aria-label=\"Abrir el men\u00fa\" class=\"wp-block-navigation__responsive-container-open\" \n\t\t\t\tdata-wp-on--click=\"actions.openMenuOnClick\"\n\t\t\t\tdata-wp-on--keydown=\"actions.handleMenuKeydown\"\n\t\t\t><svg width=\"24\" height=\"24\" xmlns=\"http:\/\/www.w3.org\/2000\/svg\" viewBox=\"0 0 24 24\" aria-hidden=\"true\" focusable=\"false\"><path d=\"M4 7.5h16v1.5H4z\"><\/path><path d=\"M4 15h16v1.5H4z\"><\/path><\/svg><\/button>\n\t\t\t\t<div class=\"wp-block-navigation__responsive-container  has-text-color has-base-2-color has-background has-black-background-color\"  id=\"modal-1\" \n\t\t\t\tdata-wp-class--has-modal-open=\"state.isMenuOpen\"\n\t\t\t\tdata-wp-class--is-menu-open=\"state.isMenuOpen\"\n\t\t\t\tdata-wp-watch=\"callbacks.initMenu\"\n\t\t\t\tdata-wp-on--keydown=\"actions.handleMenuKeydown\"\n\t\t\t\tdata-wp-on--focusout=\"actions.handleMenuFocusout\"\n\t\t\t\ttabindex=\"-1\"\n\t\t\t>\n\t\t\t\t\t<div class=\"wp-block-navigation__responsive-close\" tabindex=\"-1\">\n\t\t\t\t\t\t<div class=\"wp-block-navigation__responsive-dialog\" \n\t\t\t\tdata-wp-bind--aria-modal=\"state.ariaModal\"\n\t\t\t\tdata-wp-bind--aria-label=\"state.ariaLabel\"\n\t\t\t\tdata-wp-bind--role=\"state.roleAttribute\"\n\t\t\t>\n\t\t\t\t\t\t\t<button aria-label=\"Cerrar el men\u00fa\" class=\"wp-block-navigation__responsive-container-close\" \n\t\t\t\tdata-wp-on--click=\"actions.closeMenuOnClick\"\n\t\t\t><svg xmlns=\"http:\/\/www.w3.org\/2000\/svg\" viewBox=\"0 0 24 24\" width=\"24\" height=\"24\" aria-hidden=\"true\" focusable=\"false\"><path d=\"m13.06 12 6.47-6.47-1.06-1.06L12 10.94 5.53 4.47 4.47 5.53 10.94 12l-6.47 6.47 1.06 1.06L12 13.06l6.47 6.47 1.06-1.06L13.06 12Z\"><\/path><\/svg><\/button>\n\t\t\t\t\t\t\t<div class=\"wp-block-navigation__responsive-container-content\" \n\t\t\t\tdata-wp-watch=\"callbacks.focusFirstElement\"\n\t\t\t id=\"modal-1-content\">\n\t\t\t\t\t\t\t\t<ul style=\"color: #08fafb; font-size:clamp(14.642px, 0.915rem + ((1vw - 3.2px) * 0.751), 22px);font-style:normal;font-weight:800;\" class=\"wp-block-navigation__container has-text-color has-background has-black-background-color is-responsive wp-block-navigation\"><li data-wp-context=\"{ &quot;submenuOpenedBy&quot;: { &quot;click&quot;: false, &quot;hover&quot;: false, &quot;focus&quot;: false }, &quot;type&quot;: &quot;submenu&quot;, &quot;modal&quot;: null, &quot;previousFocus&quot;: null }\" data-wp-interactive=\"core\/navigation\" data-wp-on--focusout=\"actions.handleMenuFocusout\" data-wp-on--keydown=\"actions.handleMenuKeydown\" data-wp-on--mouseenter=\"actions.openMenuOnHover\" data-wp-on--mouseleave=\"actions.closeMenuOnHover\" data-wp-watch=\"callbacks.initMenu\" tabindex=\"-1\" style=\"font-size: clamp(14.642px, 0.915rem + ((1vw - 3.2px) * 0.751), 22px);\" class=\"wp-block-navigation-item has-child open-on-hover-click wp-block-navigation-submenu\"><a class=\"wp-block-navigation-item__content\" href=\"https:\/\/grupoelectricomg.com\/\"><span class=\"wp-block-navigation-item__label\">SERVICIOS<\/span><\/a><button data-wp-bind--aria-expanded=\"state.isMenuOpen\" data-wp-on--click=\"actions.toggleMenuOnClick\" aria-label=\"Submen\u00fa de SERVICIOS\" class=\"wp-block-navigation__submenu-icon wp-block-navigation-submenu__toggle\" ><svg xmlns=\"http:\/\/www.w3.org\/2000\/svg\" width=\"12\" height=\"12\" viewBox=\"0 0 12 12\" fill=\"none\" aria-hidden=\"true\" focusable=\"false\"><path d=\"M1.50002 4L6.00002 8L10.5 4\" stroke-width=\"1.5\"><\/path><\/svg><\/button><ul data-wp-on--focus=\"actions.openMenuOnFocus\" class=\"wp-block-navigation__submenu-container has-text-color has-base-2-color has-background has-black-background-color wp-block-navigation-submenu\"><li style=\"font-size: clamp(14.642px, 0.915rem + ((1vw - 3.2px) * 0.751), 22px);\" class=\" wp-block-navigation-item wp-block-navigation-link\"><a class=\"wp-block-navigation-item__content\"  href=\"https:\/\/grupoelectricomg.com\/index.php\/servicios-electricos-residenciales\/\"><span class=\"wp-block-navigation-item__label\">RESIDENCIALES<\/span><\/a><\/li><li style=\"font-size: clamp(14.642px, 0.915rem + ((1vw - 3.2px) * 0.751), 22px);\" class=\" wp-block-navigation-item wp-block-navigation-link\"><a class=\"wp-block-navigation-item__content\"  href=\"https:\/\/grupoelectricomg.com\/index.php\/instalacion-de-cargadores-electricos-para-autos\/\"><span class=\"wp-block-navigation-item__label\">CARGADORES EL\u00c9CTRICOS PARA AUTOS<\/span><\/a><\/li><li style=\"font-size: clamp(14.642px, 0.915rem + ((1vw - 3.2px) * 0.751), 22px);\" class=\" wp-block-navigation-item wp-block-navigation-link\"><a class=\"wp-block-navigation-item__content\"  href=\"https:\/\/grupoelectricomg.com\/index.php\/servicios-electricos-comerciales\/\"><span class=\"wp-block-navigation-item__label\">COMERCIALES<\/span><\/a><\/li><li style=\"font-size: clamp(14.642px, 0.915rem + ((1vw - 3.2px) * 0.751), 22px);\" class=\" wp-block-navigation-item wp-block-navigation-link\"><a class=\"wp-block-navigation-item__content\"  href=\"https:\/\/grupoelectricomg.com\/index.php\/iluminacion-exterior-interior-2\/\"><span class=\"wp-block-navigation-item__label\">ILUMINACI\u00d3N<\/span><\/a><\/li><li style=\"font-size: clamp(14.642px, 0.915rem + ((1vw - 3.2px) * 0.751), 22px);\" class=\" wp-block-navigation-item wp-block-navigation-link\"><a class=\"wp-block-navigation-item__content\"  href=\"https:\/\/grupoelectricomg.com\/index.php\/instalaciones-electricas\/\"><span class=\"wp-block-navigation-item__label\">INSTALACIONES EL\u00c9CTRICAS<\/span><\/a><\/li><li style=\"font-size: clamp(14.642px, 0.915rem + ((1vw - 3.2px) * 0.751), 22px);\" class=\" wp-block-navigation-item wp-block-navigation-link\"><a class=\"wp-block-navigation-item__content\"  href=\"https:\/\/grupoelectricomg.com\/index.php\/servicios-electricos-industriales\/\"><span class=\"wp-block-navigation-item__label\">INDUSTRIALES<\/span><\/a><\/li><\/ul><\/li><li style=\"font-size: clamp(14.642px, 0.915rem + ((1vw - 3.2px) * 0.751), 22px);\" class=\" wp-block-navigation-item wp-block-navigation-link\"><a class=\"wp-block-navigation-item__content\"  href=\"https:\/\/grupoelectricomg.com\/index.php\/nosotros-2\/\"><span class=\"wp-block-navigation-item__label\">NOSOTROS<\/span><\/a><\/li><li style=\"font-size: clamp(14.642px, 0.915rem + ((1vw - 3.2px) * 0.751), 22px);\" class=\" wp-block-navigation-item wp-block-navigation-link\"><a class=\"wp-block-navigation-item__content\"  href=\"https:\/\/grupoelectricomg.com\/index.php\/nosotros\/\"><span class=\"wp-block-navigation-item__label\">CONTACTO<\/span><\/a><\/li><\/ul>\n\t\t\t\t\t\t\t<\/div>\n\t\t\t\t\t\t<\/div>\n\t\t\t\t\t<\/div>\n\t\t\t\t<\/div><\/nav><\/div>\n\n\n\n<div class=\"wp-block-cover alignfull\" style=\"padding-top:var(--wp--preset--spacing--30);padding-right:var(--wp--preset--spacing--30);padding-bottom:var(--wp--preset--spacing--30);padding-left:var(--wp--preset--spacing--30);min-height:499px;aspect-ratio:unset;\"><span aria-hidden=\"true\" class=\"wp-block-cover__background has-black-background-color has-background-dim-0 has-background-dim\"><\/span><img data-recalc-dims=\"1\" loading=\"lazy\" decoding=\"async\" width=\"612\" height=\"408\" class=\"wp-block-cover__image-background wp-image-1176\" alt=\"\" src=\"https:\/\/i0.wp.com\/grupoelectricomg.com\/wp-content\/uploads\/2024\/01\/istockphoto-1428071835-612x612-1.jpeg?resize=612%2C408&#038;ssl=1\" style=\"object-position:75% 18%\" data-object-fit=\"cover\" data-object-position=\"75% 18%\" srcset=\"https:\/\/i0.wp.com\/grupoelectricomg.com\/wp-content\/uploads\/2024\/01\/istockphoto-1428071835-612x612-1.jpeg?w=612&amp;ssl=1 612w, https:\/\/i0.wp.com\/grupoelectricomg.com\/wp-content\/uploads\/2024\/01\/istockphoto-1428071835-612x612-1.jpeg?resize=300%2C200&amp;ssl=1 300w\" sizes=\"auto, (max-width: 612px) 100vw, 612px\" \/><div class=\"wp-block-cover__inner-container is-layout-flow wp-block-cover-is-layout-flow\">\n<h2 class=\"wp-block-heading has-text-align-center has-base-2-color has-text-color has-link-color wp-elements-d33c8a0636e11eb1eaa3af98de01ef33\" style=\"font-size:clamp(50.171px, 3.136rem + ((1vw - 3.2px) * 5.085), 100px);font-style:normal;font-weight:800;text-decoration:underline\">CONTACTO<\/h2>\n<\/div><\/div>\n\n\n\n<div class=\"wp-block-group alignfull has-link-color wp-elements-bdedf27dd9a77503cebf6e1217ef2ac9 has-global-padding is-layout-constrained wp-container-core-group-is-layout-2442d5b8 wp-block-group-is-layout-constrained\" style=\"margin-top:0px;margin-bottom:0px;padding-top:var(--wp--preset--spacing--80);padding-right:0;padding-bottom:var(--wp--preset--spacing--30);padding-left:0\">\n<div class=\"wp-block-columns alignwide is-layout-flex wp-container-core-columns-is-layout-cbe57604 wp-block-columns-is-layout-flex\">\n<div class=\"wp-block-column is-layout-flow wp-container-core-column-is-layout-1a0eff7f wp-block-column-is-layout-flow\">\n<h1 class=\"wp-block-heading has-base-2-color has-text-color has-link-color wp-elements-faf57fdd7d8b4c36bd626a58e4cda44a\" style=\"margin-top:var(--wp--preset--spacing--20);font-size:clamp(21.536px, 1.346rem + ((1vw - 3.2px) * 1.374), 35px);text-transform:none\">Contactanos:<\/h1>\n<\/div>\n<\/div>\n\n\n\n<div class=\"wp-block-columns alignwide is-layout-flex wp-container-core-columns-is-layout-8298951a wp-block-columns-is-layout-flex\" style=\"margin-top:var(--wp--preset--spacing--30);margin-bottom:0\">\n<div class=\"wp-block-column is-layout-flow wp-container-core-column-is-layout-cbe37aab wp-block-column-is-layout-flow\" style=\"padding-right:var(--wp--preset--spacing--10)\">\n<p class=\"has-base-2-color has-text-color has-link-color wp-elements-570b266ee4c876b38c7ac9475cdd782e\" style=\"margin-left:var(--wp--preset--spacing--10);font-size:clamp(14.082px, 0.88rem + ((1vw - 3.2px) * 0.706), 21px);\"><strong>M\u00e1s de 35 a\u00f1os de experiencia nos distingue como electricistas a domicilio, una empresa familiar que respaldan a nuestros clientes. Tus comentarios nos ayudan a solucionar problemas y mejorar la experiencias. Contamos con servicio especializado las 24 horas del d\u00eda los 365 d\u00edas del a\u00f1o, en Guadalajara, Zapopan, Tlaquepaque y Tonal\u00e1. Con servicios nocturnos 100% garantizados. <\/strong><\/p>\n\n\n\n<p class=\"has-text-align-center has-base-2-color has-text-color has-link-color wp-elements-cb49c7da7b09f8a8ffb142d9641e9b99\" style=\"margin-left:var(--wp--preset--spacing--10);font-size:clamp(14.082px, 0.88rem + ((1vw - 3.2px) * 0.706), 21px);\"><strong>RESPUESTA EN MENOS DE 5 MIN.<\/strong><\/p>\n<\/div>\n\n\n\n<div class=\"wp-block-column is-layout-flow wp-container-core-column-is-layout-1a0eff7f wp-block-column-is-layout-flow\">\n<div class=\"wp-block-cover is-light\" style=\"min-height:354px;aspect-ratio:unset;\"><span aria-hidden=\"true\" class=\"wp-block-cover__background has-background-dim-0 has-background-dim\"><\/span><img data-recalc-dims=\"1\" decoding=\"async\" class=\"wp-block-cover__image-background wp-image-876\" alt=\"\" src=\"https:\/\/i0.wp.com\/grupoelectricomg.com\/wp-content\/uploads\/2024\/01\/WhatsApp-Image-2023-12-18-at-11.16.26-PM-3.jpeg?ssl=1\" style=\"object-position:88% 58%\" data-object-fit=\"cover\" data-object-position=\"88% 58%\"\/><div class=\"wp-block-cover__inner-container has-global-padding is-layout-constrained wp-container-core-cover-is-layout-19e250f3 wp-block-cover-is-layout-constrained\">\n<p><\/p>\n<\/div><\/div>\n<\/div>\n<\/div>\n<\/div>\n\n\n\n<div class=\"wp-block-group alignfull has-link-color wp-elements-122d5e8b2c7c34022a14261d475711b3 has-global-padding is-layout-constrained wp-container-core-group-is-layout-426b9716 wp-block-group-is-layout-constrained\" style=\"margin-top:0px;margin-bottom:0px;padding-top:var(--wp--preset--spacing--80);padding-right:0;padding-bottom:0;padding-left:0\">\n<div class=\"wp-block-columns alignwide is-layout-flex wp-container-core-columns-is-layout-9c22b1e3 wp-block-columns-is-layout-flex\">\n<div class=\"wp-block-column is-layout-flow wp-container-core-column-is-layout-1a0eff7f wp-block-column-is-layout-flow\">\n<div class=\"wp-block-group has-background has-global-padding is-layout-constrained wp-container-core-group-is-layout-5fe28890 wp-block-group-is-layout-constrained\" style=\"border-radius:0px;background-color:#000000;margin-top:0;margin-bottom:0;padding-top:0;padding-right:var(--wp--preset--spacing--50);padding-bottom:var(--wp--preset--spacing--10);padding-left:var(--wp--preset--spacing--10)\">\n<div class=\"wp-block-group has-base-2-background-color has-background has-global-padding is-layout-constrained wp-container-core-group-is-layout-12a6fb70 wp-block-group-is-layout-constrained\" style=\"padding-top:0;padding-right:var(--wp--preset--spacing--10);padding-bottom:var(--wp--preset--spacing--10);padding-left:var(--wp--preset--spacing--10)\">\n<div class=\"wp-block-group has-base-2-background-color has-background has-global-padding is-layout-constrained wp-container-core-group-is-layout-12a6fb70 wp-block-group-is-layout-constrained\" style=\"padding-top:0;padding-right:var(--wp--preset--spacing--10);padding-bottom:var(--wp--preset--spacing--10);padding-left:var(--wp--preset--spacing--10)\">\n<div class=\"wp-block-group is-content-justification-left is-nowrap is-layout-flex wp-container-core-group-is-layout-f51ff285 wp-block-group-is-layout-flex\" style=\"padding-top:var(--wp--preset--spacing--10)\"><div class=\"wp-block-site-logo\"><a href=\"https:\/\/grupoelectricomg.com\/\" class=\"custom-logo-link\" rel=\"home\"><img loading=\"lazy\" decoding=\"async\" width=\"41\" height=\"46\" src=\"https:\/\/i0.wp.com\/grupoelectricomg.com\/wp-content\/uploads\/2023\/12\/mg-scaled-e1707188040174.jpeg?fit=630%2C720&amp;ssl=1\" class=\"custom-logo\" alt=\"W3C Home\" \/><\/a><\/div>\n\n\n<p class=\"has-text-align-center animated backInDown\" style=\"margin-top:0;margin-right:0;margin-bottom:0;margin-left:var(--wp--preset--spacing--10);font-size:clamp(23.54px, 1.471rem + ((1vw - 3.2px) * 1.578), 39px);font-style:normal;font-weight:800;line-height:1\">\u00a1Ponte en contacto! <\/p>\n<\/div>\n\n\n<style id=\"wpforms-css-vars-547-block-dd3c6841-c646-47dd-9a31-32621ba9349c\">\n\t\t\t\t#wpforms-547.wpforms-block-dd3c6841-c646-47dd-9a31-32621ba9349c {\n\t\t\t\t--wpforms-label-sublabel-color: #000000;\n--wpforms-button-border-radius: ;\n--wpforms-button-background-color: #08fafb;\n--wpforms-button-text-color: #000000;\n--wpforms-button-size-font-size: 20px;\n--wpforms-button-size-height: 48px;\n--wpforms-button-size-padding-h: 20px;\n--wpforms-button-size-margin-top: 15px;\n\t\t\t}\n\t\t\t<\/style><div class=\"wpforms-container wpforms-container-full animated backInDown wpforms-block wpforms-block-dd3c6841-c646-47dd-9a31-32621ba9349c wpforms-render-modern\" id=\"wpforms-547\"><form id=\"wpforms-form-547\" class=\"wpforms-validate wpforms-form wpforms-ajax-form\" data-formid=\"547\" method=\"post\" enctype=\"multipart\/form-data\" action=\"\/index.php\/wp-json\/wp\/v2\/pages\/1181\" data-token=\"3cdc2697a23f0c485965f046d904b28c\" data-token-time=\"1778069229\"><noscript class=\"wpforms-error-noscript\">Por favor, activa JavaScript en tu navegador para completar este formulario.<\/noscript><div id=\"wpforms-error-noscript\" style=\"display: none;\">Por favor, activa JavaScript en tu navegador para completar este formulario.<\/div><div class=\"wpforms-field-container\"><div id=\"wpforms-547-field_0-container\" class=\"wpforms-field wpforms-field-name\" data-field-id=\"0\"><fieldset><legend class=\"wpforms-field-label\">Nombre <span class=\"wpforms-required-label\" aria-hidden=\"true\">*<\/span><\/legend><div class=\"wpforms-field-row wpforms-field-medium\"><div class=\"wpforms-field-row-block wpforms-first wpforms-one-half\"><input type=\"text\" id=\"wpforms-547-field_0\" class=\"wpforms-field-name-first wpforms-field-required\" name=\"wpforms[fields][0][first]\" aria-errormessage=\"wpforms-547-field_0-error\" required><label for=\"wpforms-547-field_0\" class=\"wpforms-field-sublabel after\">Nombre<\/label><\/div><div class=\"wpforms-field-row-block wpforms-one-half\"><input type=\"text\" id=\"wpforms-547-field_0-last\" class=\"wpforms-field-name-last wpforms-field-required\" name=\"wpforms[fields][0][last]\" aria-errormessage=\"wpforms-547-field_0-last-error\" required><label for=\"wpforms-547-field_0-last\" class=\"wpforms-field-sublabel after\">Apellidos<\/label><\/div><\/div><\/fieldset><\/div><div id=\"wpforms-547-field_7-container\" class=\"wpforms-field wpforms-field-text\" data-field-id=\"7\"><label class=\"wpforms-field-label\" for=\"wpforms-547-field_7\">Direcci\u00f3n <span class=\"wpforms-required-label\" aria-hidden=\"true\">*<\/span><\/label><input type=\"text\" id=\"wpforms-547-field_7\" class=\"wpforms-field-medium wpforms-field-required\" name=\"wpforms[fields][7]\" aria-errormessage=\"wpforms-547-field_7-error\" required><\/div><div id=\"wpforms-547-field_4-container\" class=\"wpforms-field wpforms-field-number\" data-field-id=\"4\"><label class=\"wpforms-field-label\" for=\"wpforms-547-field_4\">Celular <span class=\"wpforms-required-label\" aria-hidden=\"true\">*<\/span><\/label><input type=\"number\" id=\"wpforms-547-field_4\" class=\"wpforms-field-medium wpforms-field-required\" name=\"wpforms[fields][4]\" step=\"any\" aria-errormessage=\"wpforms-547-field_4-error\" required><\/div><div id=\"wpforms-547-field_2-container\" class=\"wpforms-field wpforms-field-textarea\" data-field-id=\"2\"><label class=\"wpforms-field-label\" for=\"wpforms-547-field_2\">Describa el servicio que desea realizar <span class=\"wpforms-required-label\" aria-hidden=\"true\">*<\/span><\/label><textarea id=\"wpforms-547-field_2\" class=\"wpforms-field-small wpforms-field-required\" name=\"wpforms[fields][2]\" aria-errormessage=\"wpforms-547-field_2-error\" required><\/textarea><\/div><\/div><!-- .wpforms-field-container --><div class=\"wpforms-submit-container\" ><input type=\"hidden\" name=\"wpforms[id]\" value=\"547\"><input type=\"hidden\" name=\"page_title\" value=\"\"><input type=\"hidden\" name=\"page_url\" value=\"https:\/\/grupoelectricomg.com\/index.php\/wp-json\/wp\/v2\/pages\/1181\"><input type=\"hidden\" name=\"url_referer\" value=\"\"><button type=\"submit\" name=\"wpforms[submit]\" id=\"wpforms-submit-547\" class=\"wpforms-submit\" data-alt-text=\"Enviando...\" data-submit-text=\"Enviar\" aria-live=\"assertive\" value=\"wpforms-submit\">Enviar<\/button><img loading=\"lazy\" decoding=\"async\" src=\"https:\/\/grupoelectricomg.com\/wp-content\/plugins\/wpforms-lite\/assets\/images\/submit-spin.svg\" class=\"wpforms-submit-spinner\" style=\"display: none;\" width=\"26\" height=\"26\" alt=\"Cargando\"><\/div><\/form><\/div>  <!-- .wpforms-container --><\/div>\n<\/div>\n<\/div>\n<\/div>\n\n\n\n<div class=\"wp-block-column has-background is-layout-flow wp-block-column-is-layout-flow\" style=\"background-color:#000000;padding-top:var(--wp--preset--spacing--10);padding-right:var(--wp--preset--spacing--10);padding-left:var(--wp--preset--spacing--10);flex-basis:30%\">\n<p class=\"has-text-align-left has-base-2-color has-text-color has-link-color wp-elements-49b69af7f2ffb3b7da0fb027dd937cc7\" style=\"margin-top:var(--wp--preset--spacing--20);margin-bottom:var(--wp--preset--spacing--20);font-size:clamp(14.642px, 0.915rem + ((1vw - 3.2px) * 0.751), 22px);\"><strong>TEL\u00c9FONO<\/strong>:<\/p>\n\n\n\n<p class=\"has-text-align-left has-base-2-color has-text-color has-link-color wp-elements-7cb57bf53b0eed61c928f5c4494ae50b\" style=\"margin-bottom:var(--wp--preset--spacing--20);font-size:clamp(14.642px, 0.915rem + ((1vw - 3.2px) * 0.751), 22px);\"><strong>33 4418 3942<\/strong><\/p>\n\n\n\n<p class=\"has-text-align-left has-base-2-color has-text-color has-link-color wp-elements-1f6f21374c51c07242cd3965b72877e3\" style=\"margin-top:var(--wp--preset--spacing--20);margin-bottom:var(--wp--preset--spacing--20);font-size:clamp(14.642px, 0.915rem + ((1vw - 3.2px) * 0.751), 22px);\"><strong>CORREO:<\/strong><\/p>\n\n\n\n<p class=\"has-text-align-left has-base-2-color has-text-color has-link-color wp-elements-2ccc20085c7dec44dd23e6d86e654b5d\" style=\"margin-bottom:var(--wp--preset--spacing--20);font-size:clamp(14.642px, 0.915rem + ((1vw - 3.2px) * 0.751), 22px);\"><strong><a href=\"mailto:contacto@grupoelectricomg.com\">contacto@grupoelectricomg.com<\/a><\/strong><\/p>\n\n\n\n<p class=\"has-base-2-color has-text-color has-link-color wp-elements-826332b77d4a22e416f391b2550bc1cf\" style=\"font-size:clamp(14.082px, 0.88rem + ((1vw - 3.2px) * 0.706), 21px);\"><strong>Servicio las 24 horas<\/strong>.<\/p>\n\n\n\n<iframe src=\"https:\/\/www.google.com\/maps\/embed?pb=!1m18!1m12!1m3!1d3733.215125478864!2d-103.37995322459994!3d20.660825100313886!2m3!1f0!2f0!3f0!3m2!1i1024!2i768!4f13.1!3m3!1m2!1s0x8428ad495385429d%3A0xc0d9220c2a262805!2sElectricistas%2024%20horas%20Grupo%20Electrico%20MG%20cerca%20de%20la%20Minerva!5e0!3m2!1ses-419!2smx!4v1705803963064!5m2!1ses-419!2smx\" width=\"400\" height=\"300\" style=\"border:0;\" allowfullscreen=\"\" loading=\"lazy\" referrerpolicy=\"no-referrer-when-downgrade\"><\/iframe>\n\n\n\n<p class=\"has-text-align-center has-base-2-color has-text-color has-link-color wp-elements-aca97455566f99a6f679d5019732bb74\" style=\"margin-top:var(--wp--preset--spacing--20);margin-bottom:var(--wp--preset--spacing--20);font-size:clamp(15.197px, 0.95rem + ((1vw - 3.2px) * 0.796), 23px);\"><strong>GUADALAJARA, ZAPOPAN, TLAQUEPAQUE Y TONALA<\/strong>:<\/p>\n<\/div>\n<\/div>\n\n\n\n<p class=\"has-text-align-center has-base-2-color has-text-color has-link-color wp-elements-2ea9a8384da5890cc0d7b29598b7124a\" style=\"margin-top:var(--wp--preset--spacing--30);font-size:11px\"><strong>Copyright \u00a9 2023 All Rights Reserved by Grupo El\u00e9ctrico MG<\/strong><\/p>\n<\/div>\n","protected":false},"excerpt":{"rendered":"<p>Contactanos: M\u00e1s de 35 a\u00f1os de experiencia nos distingue como electricistas a domicilio, una empresa familiar que respaldan a nuestros clientes. Tus comentarios nos ayudan a solucionar problemas y mejorar la experiencias. Contamos con servicio especializado las 24 horas del d\u00eda los 365 d\u00edas del a\u00f1o, en Guadalajara, Zapopan, Tlaquepaque y Tonal\u00e1. Con servicios nocturnos [&hellip;]<\/p>\n","protected":false},"author":1,"featured_media":0,"parent":0,"menu_order":0,"comment_status":"closed","ping_status":"closed","template":"page-no-title","meta":{"footnotes":""},"class_list":["post-1181","page","type-page","status-publish","hentry"],"jetpack-related-posts":[],"jetpack_sharing_enabled":true,"_links":{"self":[{"href":"https:\/\/grupoelectricomg.com\/index.php\/wp-json\/wp\/v2\/pages\/1181","targetHints":{"allow":["GET"]}}],"collection":[{"href":"https:\/\/grupoelectricomg.com\/index.php\/wp-json\/wp\/v2\/pages"}],"about":[{"href":"https:\/\/grupoelectricomg.com\/index.php\/wp-json\/wp\/v2\/types\/page"}],"author":[{"embeddable":true,"href":"https:\/\/grupoelectricomg.com\/index.php\/wp-json\/wp\/v2\/users\/1"}],"replies":[{"embeddable":true,"href":"https:\/\/grupoelectricomg.com\/index.php\/wp-json\/wp\/v2\/comments?post=1181"}],"version-history":[{"count":18,"href":"https:\/\/grupoelectricomg.com\/index.php\/wp-json\/wp\/v2\/pages\/1181\/revisions"}],"predecessor-version":[{"id":1491,"href":"https:\/\/grupoelectricomg.com\/index.php\/wp-json\/wp\/v2\/pages\/1181\/revisions\/1491"}],"wp:attachment":[{"href":"https:\/\/grupoelectricomg.com\/index.php\/wp-json\/wp\/v2\/media?parent=1181"}],"curies":[{"name":"wp","href":"https:\/\/api.w.org\/{rel}","templated":true}]}}